{"id":51,"date":"2024-06-20T13:27:36","date_gmt":"2024-06-20T11:27:36","guid":{"rendered":"https:\/\/social-enterprise.nl\/over-sociaal-ondernemen\/geschiedenis\/"},"modified":"2026-01-28T08:33:43","modified_gmt":"2026-01-28T07:33:43","slug":"geschiedenis","status":"publish","type":"page","link":"https:\/\/social-enterprise.nl\/en\/over-sociaal-ondernemen\/geschiedenis\/","title":{"rendered":"History"},"content":{"rendered":"<style>.kb-row-layout-wrap.wp-block-kadence-rowlayout.kb-row-layout-id51_220c0f-5f{margin-top:var(--global-kb-spacing-md, 2rem);margin-bottom:var(--global-kb-spacing-md, 2rem);}.kb-row-layout-id51_220c0f-5f > .kt-row-column-wrap{align-content:start;}:where(.kb-row-layout-id51_220c0f-5f > .kt-row-column-wrap) > .wp-block-kadence-column{justify-content:start;}.kb-row-layout-id51_220c0f-5f > .kt-row-column-wrap{column-gap:var(--global-kb-gap-md, 2rem);row-gap:var(--global-kb-gap-md, 2rem);max-width:900px;margin-left:auto;margin-right:auto;grid-template-columns:minmax(0, 1fr);}.kb-row-layout-id51_220c0f-5f > .kt-row-layout-overlay{opacity:0.30;}@media all and (max-width: 1024px){.kb-row-layout-id51_220c0f-5f > .kt-row-column-wrap{grid-template-columns:minmax(0, 1fr);}}@media all and (max-width: 767px){.kb-row-layout-wrap.wp-block-kadence-rowlayout.kb-row-layout-id51_220c0f-5f{margin-top:var(--global-kb-spacing-md, 2rem);margin-bottom:var(--global-kb-spacing-md, 2rem);}.kb-row-layout-id51_220c0f-5f > .kt-row-column-wrap{grid-template-columns:minmax(0, 1fr);}}<\/style><div class=\"kb-row-layout-wrap kb-row-layout-id51_220c0f-5f alignnone wp-block-kadence-rowlayout\"><div class=\"kt-row-column-wrap kt-has-1-columns kt-row-layout-equal kt-tab-layout-inherit kt-mobile-layout-row kt-row-valign-top\">\n<style>.kadence-column51_20478c-4d > .kt-inside-inner-col,.kadence-column51_20478c-4d > .kt-inside-inner-col:before{border-top-left-radius:0px;border-top-right-radius:0px;border-bottom-right-radius:0px;border-bottom-left-radius:0px;}.kadence-column51_20478c-4d > .kt-inside-inner-col{column-gap:var(--global-kb-gap-sm, 1rem);}.kadence-column51_20478c-4d > .kt-inside-inner-col{flex-direction:column;}.kadence-column51_20478c-4d > .kt-inside-inner-col > .aligncenter{width:100%;}.kadence-column51_20478c-4d > .kt-inside-inner-col:before{opacity:0.3;}.kadence-column51_20478c-4d{position:relative;}@media all and (max-width: 1024px){.kadence-column51_20478c-4d > .kt-inside-inner-col{flex-direction:column;justify-content:center;}}@media all and (max-width: 767px){.kadence-column51_20478c-4d > .kt-inside-inner-col{flex-direction:column;justify-content:center;}}<\/style>\n<div class=\"wp-block-kadence-column kadence-column51_20478c-4d\"><div class=\"kt-inside-inner-col\"><style>.wp-block-kadence-advancedheading.kt-adv-heading51_240420-6a, .wp-block-kadence-advancedheading.kt-adv-heading51_240420-6a[data-kb-block=\"kb-adv-heading51_240420-6a\"]{font-style:normal;}.wp-block-kadence-advancedheading.kt-adv-heading51_240420-6a mark.kt-highlight, .wp-block-kadence-advancedheading.kt-adv-heading51_240420-6a[data-kb-block=\"kb-adv-heading51_240420-6a\"] mark.kt-highlight{font-style:normal;color:#f76a0c;-webkit-box-decoration-break:clone;box-decoration-break:clone;padding-top:0px;padding-right:0px;padding-bottom:0px;padding-left:0px;}.wp-block-kadence-advancedheading.kt-adv-heading51_240420-6a img.kb-inline-image, .wp-block-kadence-advancedheading.kt-adv-heading51_240420-6a[data-kb-block=\"kb-adv-heading51_240420-6a\"] img.kb-inline-image{width:150px;vertical-align:baseline;}<\/style>\n<h2 class=\"kt-adv-heading51_240420-6a wp-block-kadence-advancedheading\" data-kb-block=\"kb-adv-heading51_240420-6a\">De geschiedenis van sociaal ondernemen<\/h2>\n\n\n<style>.wp-block-kadence-advancedheading.kt-adv-heading51_01bed6-9e, .wp-block-kadence-advancedheading.kt-adv-heading51_01bed6-9e[data-kb-block=\"kb-adv-heading51_01bed6-9e\"]{font-size:var(--global-kb-font-size-md, 1.25rem);font-style:normal;}.wp-block-kadence-advancedheading.kt-adv-heading51_01bed6-9e mark.kt-highlight, .wp-block-kadence-advancedheading.kt-adv-heading51_01bed6-9e[data-kb-block=\"kb-adv-heading51_01bed6-9e\"] mark.kt-highlight{font-style:normal;color:#f76a0c;-webkit-box-decoration-break:clone;box-decoration-break:clone;padding-top:0px;padding-right:0px;padding-bottom:0px;padding-left:0px;}.wp-block-kadence-advancedheading.kt-adv-heading51_01bed6-9e img.kb-inline-image, .wp-block-kadence-advancedheading.kt-adv-heading51_01bed6-9e[data-kb-block=\"kb-adv-heading51_01bed6-9e\"] img.kb-inline-image{width:150px;vertical-align:baseline;}<\/style>\n<p class=\"kt-adv-heading51_01bed6-9e wp-block-kadence-advancedheading\" data-kb-block=\"kb-adv-heading51_01bed6-9e\">De term \u2018sociaal ondernemerschap\u2019 stamt uit 1953. Toen verwees het woord nog niet naar ondernemers die in de eerste plaats een maatschappelijke missie nastreefden. Zulke sociale ondernemingen w\u00e1ren er ook niet of nauwelijks. Zij zouden pas vanaf de jaren 90 flink opkomen en uitgroeien tot een grote internationale beweging.<\/p>\n\n\n<style>.wp-block-kadence-advancedheading.kt-adv-heading51_fb50b0-d4, .wp-block-kadence-advancedheading.kt-adv-heading51_fb50b0-d4[data-kb-block=\"kb-adv-heading51_fb50b0-d4\"]{font-style:normal;}.wp-block-kadence-advancedheading.kt-adv-heading51_fb50b0-d4 mark.kt-highlight, .wp-block-kadence-advancedheading.kt-adv-heading51_fb50b0-d4[data-kb-block=\"kb-adv-heading51_fb50b0-d4\"] mark.kt-highlight{font-style:normal;color:#f76a0c;-webkit-box-decoration-break:clone;box-decoration-break:clone;padding-top:0px;padding-right:0px;padding-bottom:0px;padding-left:0px;}.wp-block-kadence-advancedheading.kt-adv-heading51_fb50b0-d4 img.kb-inline-image, .wp-block-kadence-advancedheading.kt-adv-heading51_fb50b0-d4[data-kb-block=\"kb-adv-heading51_fb50b0-d4\"] img.kb-inline-image{width:150px;vertical-align:baseline;}<\/style>\n<h2 class=\"kt-adv-heading51_fb50b0-d4 wp-block-kadence-advancedheading\" data-kb-block=\"kb-adv-heading51_fb50b0-d4\">Gewone ondernemers nemen sociale verantwoordelijkheid (jaren 50-70)<\/h2>\n\n\n\n<p>Howard Bowen was de eerste die de term \u2018sociaal ondernemerschap\u2019 gebruikte. In zijn boek Social Responsibilities of the Businessman (1953) beschreef hij \u2018social entrepreneurship\u2019 als de inzet van ondernemers voor hun medewerkers en maatschappij. Die inzet zou tot en met de jaren 80 niet uitzonderlijk zijn. Een familiebedrijf als Phillips vond het heel normaal om \u00f3\u00f3k allerlei faciliteiten te cre\u00ebren voor werknemers en de gemeenschap, zoals huisvesting, scholen en sportverenigingen.<\/p>\n\n\n<style>.wp-block-kadence-advancedheading.kt-adv-heading51_39a4dd-17, .wp-block-kadence-advancedheading.kt-adv-heading51_39a4dd-17[data-kb-block=\"kb-adv-heading51_39a4dd-17\"]{font-style:normal;}.wp-block-kadence-advancedheading.kt-adv-heading51_39a4dd-17 mark.kt-highlight, .wp-block-kadence-advancedheading.kt-adv-heading51_39a4dd-17[data-kb-block=\"kb-adv-heading51_39a4dd-17\"] mark.kt-highlight{font-style:normal;color:#f76a0c;-webkit-box-decoration-break:clone;box-decoration-break:clone;padding-top:0px;padding-right:0px;padding-bottom:0px;padding-left:0px;}.wp-block-kadence-advancedheading.kt-adv-heading51_39a4dd-17 img.kb-inline-image, .wp-block-kadence-advancedheading.kt-adv-heading51_39a4dd-17[data-kb-block=\"kb-adv-heading51_39a4dd-17\"] img.kb-inline-image{width:150px;vertical-align:baseline;}<\/style>\n<h2 class=\"kt-adv-heading51_39a4dd-17 wp-block-kadence-advancedheading\" data-kb-block=\"kb-adv-heading51_39a4dd-17\">Bedrijven streven vooral hogere aandeelhouderswaarde na (jaren 80)<\/h2>\n\n\n\n<p>In de jaren 80 volgden steeds meer bedrijven een minder maatschappelijke norm. Hun missie was nu om hun aandelen zoveel mogelijk geld waard te laten worden. Hiervoor beperkten ze onder meer hun uitgaven aan maatschappij en milieubescherming; daar mochten de overheid en de middenklasse zich druk om maken. Ondertussen publiceerde de Club van Rome De grenzen aan de groei, de eerste grote stap in het publieke besef dat de aarde uitputbaar is. Daar hadden veel bedrijven in het begin weinig oog voor.<\/p>\n\n\n<style>.wp-block-kadence-advancedheading.kt-adv-heading51_63cd00-79, .wp-block-kadence-advancedheading.kt-adv-heading51_63cd00-79[data-kb-block=\"kb-adv-heading51_63cd00-79\"]{font-style:normal;}.wp-block-kadence-advancedheading.kt-adv-heading51_63cd00-79 mark.kt-highlight, .wp-block-kadence-advancedheading.kt-adv-heading51_63cd00-79[data-kb-block=\"kb-adv-heading51_63cd00-79\"] mark.kt-highlight{font-style:normal;color:#f76a0c;-webkit-box-decoration-break:clone;box-decoration-break:clone;padding-top:0px;padding-right:0px;padding-bottom:0px;padding-left:0px;}.wp-block-kadence-advancedheading.kt-adv-heading51_63cd00-79 img.kb-inline-image, .wp-block-kadence-advancedheading.kt-adv-heading51_63cd00-79[data-kb-block=\"kb-adv-heading51_63cd00-79\"] img.kb-inline-image{width:150px;vertical-align:baseline;}<\/style>\n<h2 class=\"kt-adv-heading51_63cd00-79 wp-block-kadence-advancedheading\" data-kb-block=\"kb-adv-heading51_63cd00-79\">Sociaal ondernemen krijgt wereldverbeterende positie (jaren 90)<\/h2>\n\n\n\n<p>Mede dankzij Harvard-professor Greg Drees kwam de ontwikkeling van sociaal ondernemen een stap verder. Hij zette sociaal ondernemen niet zozeer in het licht als een alternatief voor het maximaliseren van aandeelhouderswaarde. Hij zag het eerder als een middel om de wereld te verbeteren. In het oplossen van grote maatschappelijke vraagstukken, zoals armoede en ongelijkheid, konden sociale ondernemingen volgens hem vaak effectiever zijn dan sociaal activisten en goede doelen.<\/p>\n\n\n<style>.wp-block-kadence-advancedheading.kt-adv-heading51_0c83b4-72, .wp-block-kadence-advancedheading.kt-adv-heading51_0c83b4-72[data-kb-block=\"kb-adv-heading51_0c83b4-72\"]{font-style:normal;}.wp-block-kadence-advancedheading.kt-adv-heading51_0c83b4-72 mark.kt-highlight, .wp-block-kadence-advancedheading.kt-adv-heading51_0c83b4-72[data-kb-block=\"kb-adv-heading51_0c83b4-72\"] mark.kt-highlight{font-style:normal;color:#f76a0c;-webkit-box-decoration-break:clone;box-decoration-break:clone;padding-top:0px;padding-right:0px;padding-bottom:0px;padding-left:0px;}.wp-block-kadence-advancedheading.kt-adv-heading51_0c83b4-72 img.kb-inline-image, .wp-block-kadence-advancedheading.kt-adv-heading51_0c83b4-72[data-kb-block=\"kb-adv-heading51_0c83b4-72\"] img.kb-inline-image{width:150px;vertical-align:baseline;}<\/style>\n<h2 class=\"kt-adv-heading51_0c83b4-72 wp-block-kadence-advancedheading\" data-kb-block=\"kb-adv-heading51_0c83b4-72\">De internationale beweging rond sociaal ondernemen groeit (jaren 00)<\/h2>\n\n\n\n<p>Steeds meer mensen begonnen sociaal ondernemen te zien als een middel om de wereld te verbeteren. En steeds meer sociale ondernemingen zagen het levenslicht. Er ontstond een groeiende internationale beweging rond sociaal ondernemen, die het ecosysteem voor sociaal ondernemers zo gunstig mogelijk wil maken. Deze beweging is inmiddels in bijna alle landen zichtbaar, ook in Nederland, en krijgt sinds 2011 een duwtje in de rug via het <a href=\"http:\/\/ec.europa.eu\/growth\/sectors\/social-economy\/enterprises_en\" target=\"_blank\" rel=\"noreferrer noopener\">Social Business Initiative<\/a> van de Europese Unie.<\/p>\n\n\n<style>.wp-block-kadence-advancedheading.kt-adv-heading51_4e469f-f9, .wp-block-kadence-advancedheading.kt-adv-heading51_4e469f-f9[data-kb-block=\"kb-adv-heading51_4e469f-f9\"]{font-style:normal;}.wp-block-kadence-advancedheading.kt-adv-heading51_4e469f-f9 mark.kt-highlight, .wp-block-kadence-advancedheading.kt-adv-heading51_4e469f-f9[data-kb-block=\"kb-adv-heading51_4e469f-f9\"] mark.kt-highlight{font-style:normal;color:#f76a0c;-webkit-box-decoration-break:clone;box-decoration-break:clone;padding-top:0px;padding-right:0px;padding-bottom:0px;padding-left:0px;}.wp-block-kadence-advancedheading.kt-adv-heading51_4e469f-f9 img.kb-inline-image, .wp-block-kadence-advancedheading.kt-adv-heading51_4e469f-f9[data-kb-block=\"kb-adv-heading51_4e469f-f9\"] img.kb-inline-image{width:150px;vertical-align:baseline;}<\/style>\n<h2 class=\"kt-adv-heading51_4e469f-f9 wp-block-kadence-advancedheading\" data-kb-block=\"kb-adv-heading51_4e469f-f9\">Sociaal ondernemen neemt een vlucht in Nederland (jaren 10)<\/h2>\n\n\n\n<p>Nederland is een laatbloeier: het begrip \u2018sociaal ondernemen\u2019 is hier pas algemeen bekend geworden na de start van Social Enterprise NL in 2012. Algemene erkenning kwam door een onderzoek van de Sociaal Economische Raad in 2015, inmiddels is het een heel normaal begrip geworden. De social enterprise sector staat op de kaart en groeit met 10 procent per jaar volgens zowel <a href=\"https:\/\/www.mckinsey.com\/industries\/social-sector\/our-insights\/scaling-the-impact-of-the-social-enterprise-sector\" target=\"_blank\" rel=\"noreferrer noopener\">onderzoeksbureau McKinsey<\/a> als de Social Enterprise Monitor.<\/p>\n\n\n<style>.wp-block-kadence-advancedheading.kt-adv-heading51_391453-b6, .wp-block-kadence-advancedheading.kt-adv-heading51_391453-b6[data-kb-block=\"kb-adv-heading51_391453-b6\"]{font-style:normal;}.wp-block-kadence-advancedheading.kt-adv-heading51_391453-b6 mark.kt-highlight, .wp-block-kadence-advancedheading.kt-adv-heading51_391453-b6[data-kb-block=\"kb-adv-heading51_391453-b6\"] mark.kt-highlight{font-style:normal;color:#f76a0c;-webkit-box-decoration-break:clone;box-decoration-break:clone;padding-top:0px;padding-right:0px;padding-bottom:0px;padding-left:0px;}.wp-block-kadence-advancedheading.kt-adv-heading51_391453-b6 img.kb-inline-image, .wp-block-kadence-advancedheading.kt-adv-heading51_391453-b6[data-kb-block=\"kb-adv-heading51_391453-b6\"] img.kb-inline-image{width:150px;vertical-align:baseline;}<\/style>\n<h2 class=\"kt-adv-heading51_391453-b6 wp-block-kadence-advancedheading\" data-kb-block=\"kb-adv-heading51_391453-b6\">De komende jaren<\/h2>\n\n\n\n<p>Volgens McKinsey komt sociaal ondernemen inmiddels in een fase van professionalisering en bereikt v\u00f3\u00f3r 2025 een vorm van volwassenheid. Voorwaarde is de verdere ontwikkeling van het ecosysteem waarin sociaal ondernemers werken: er moet een standaard manier komen voor het meten van impact; de sector moet aantrekkelijker worden voor professioneel management en getalenteerde ondernemers; investeerders moeten kijken naar meer innovatieve investerings- mogelijkheden, en overheden moeten nationaal en lokaal een stimulerend beleid voeren. Daar werken wij iedere dag aan, en we zien zeer goede resultaten. Ook PWC ziet deze ontwikkelingen, volgens hun rapport uit 2018.<\/p>\n<\/div><\/div>\n\n<\/div><\/div>\n\n<style>.kb-row-layout-wrap.wp-block-kadence-rowlayout.kb-row-layout-id51_6a0dfb-f9{margin-top:var(--global-kb-spacing-md, 2rem);margin-bottom:var(--global-kb-spacing-md, 2rem);}.kb-row-layout-id51_6a0dfb-f9 > .kt-row-column-wrap{align-content:start;}:where(.kb-row-layout-id51_6a0dfb-f9 > .kt-row-column-wrap) > .wp-block-kadence-column{justify-content:start;}.kb-row-layout-id51_6a0dfb-f9 > .kt-row-column-wrap{column-gap:var(--global-kb-gap-sm, 1rem);row-gap:var(--global-kb-gap-none, 0rem );padding-top:var(--global-kb-spacing-sm, 1.5rem);padding-right:var(--global-kb-spacing-sm, 1.5rem);padding-bottom:var(--global-kb-spacing-sm, 1.5rem);padding-left:var(--global-kb-spacing-sm, 1.5rem);grid-template-columns:minmax(0, 1fr);}.kb-row-layout-id51_6a0dfb-f9 > .kt-row-layout-overlay{opacity:0.30;}@media all and (max-width: 1024px){.kb-row-layout-id51_6a0dfb-f9 > .kt-row-column-wrap{grid-template-columns:minmax(0, 1fr);}}@media all and (max-width: 767px){.kb-row-layout-id51_6a0dfb-f9 > .kt-row-column-wrap{grid-template-columns:minmax(0, 1fr);}}<\/style><div class=\"kb-row-layout-wrap kb-row-layout-id51_6a0dfb-f9 alignnone has-theme-palette1-background-color kt-row-has-bg content__callout wp-block-kadence-rowlayout\" id=\"callout\"><div class=\"kt-row-column-wrap kt-has-1-columns kt-row-layout-equal kt-tab-layout-inherit kt-mobile-layout-row kt-row-valign-top\">\n<style>.kadence-column51_626d06-50 > .kt-inside-inner-col,.kadence-column51_626d06-50 > .kt-inside-inner-col:before{border-top-left-radius:0px;border-top-right-radius:0px;border-bottom-right-radius:0px;border-bottom-left-radius:0px;}.kadence-column51_626d06-50 > .kt-inside-inner-col{column-gap:var(--global-kb-gap-sm, 1rem);}.kadence-column51_626d06-50 > .kt-inside-inner-col{flex-direction:column;}.kadence-column51_626d06-50 > .kt-inside-inner-col > .aligncenter{width:100%;}.kadence-column51_626d06-50 > .kt-inside-inner-col:before{opacity:0.3;}.kadence-column51_626d06-50, .kadence-column51_626d06-50 h1, .kadence-column51_626d06-50 h2, .kadence-column51_626d06-50 h3, .kadence-column51_626d06-50 h4, .kadence-column51_626d06-50 h5, .kadence-column51_626d06-50 h6{color:var(--global-palette9, #ffffff);}.kadence-column51_626d06-50 a{color:var(--global-palette9, #ffffff);}.kadence-column51_626d06-50 a:hover{color:var(--global-palette9, #ffffff);}.kadence-column51_626d06-50{position:relative;}@media all and (max-width: 1024px){.kadence-column51_626d06-50 > .kt-inside-inner-col{flex-direction:column;justify-content:center;}}@media all and (max-width: 767px){.kadence-column51_626d06-50 > .kt-inside-inner-col{flex-direction:column;justify-content:center;}}<\/style>\n<div class=\"wp-block-kadence-column kadence-column51_626d06-50\"><div class=\"kt-inside-inner-col\"><style>.wp-block-kadence-advancedheading.kt-adv-heading51_1b5653-e0, .wp-block-kadence-advancedheading.kt-adv-heading51_1b5653-e0[data-kb-block=\"kb-adv-heading51_1b5653-e0\"]{font-size:var(--global-kb-font-size-lg, 2rem);font-style:normal;}.wp-block-kadence-advancedheading.kt-adv-heading51_1b5653-e0 mark.kt-highlight, .wp-block-kadence-advancedheading.kt-adv-heading51_1b5653-e0[data-kb-block=\"kb-adv-heading51_1b5653-e0\"] mark.kt-highlight{font-style:normal;color:#f76a0c;-webkit-box-decoration-break:clone;box-decoration-break:clone;padding-top:0px;padding-right:0px;padding-bottom:0px;padding-left:0px;}.wp-block-kadence-advancedheading.kt-adv-heading51_1b5653-e0 img.kb-inline-image, .wp-block-kadence-advancedheading.kt-adv-heading51_1b5653-e0[data-kb-block=\"kb-adv-heading51_1b5653-e0\"] img.kb-inline-image{width:150px;vertical-align:baseline;}<\/style>\n<h2 class=\"kt-adv-heading51_1b5653-e0 wp-block-kadence-advancedheading has-theme-palette-3-color has-text-color\" data-kb-block=\"kb-adv-heading51_1b5653-e0\">Lees meer over de social enterprise sector in Nederland:<\/h2>\n\n\n<style>.wp-block-kadence-iconlist.kt-svg-icon-list-items51_e2b108-5d:not(.this-stops-third-party-issues){margin-top:0px;margin-bottom:0px;}.wp-block-kadence-iconlist.kt-svg-icon-list-items51_e2b108-5d ul.kt-svg-icon-list:not(.this-prevents-issues):not(.this-stops-third-party-issues):not(.tijsloc){margin-top:0px;margin-right:0px;margin-bottom:0px;margin-left:0px;}.wp-block-kadence-iconlist.kt-svg-icon-list-items51_e2b108-5d ul.kt-svg-icon-list{grid-row-gap:5px;}.wp-block-kadence-iconlist.kt-svg-icon-list-items51_e2b108-5d .kb-svg-icon-wrap{font-size:6px;color:var(--global-palette3, #1A202C);}.wp-block-kadence-iconlist.kt-svg-icon-list-items51_e2b108-5d ul.kt-svg-icon-list .kt-svg-icon-list-item-wrap .kt-svg-icon-list-single{margin-right:10px;}.kt-svg-icon-list-items51_e2b108-5d ul.kt-svg-icon-list .kt-svg-icon-list-item-wrap, .kt-svg-icon-list-items51_e2b108-5d ul.kt-svg-icon-list .kt-svg-icon-list-item-wrap a{font-weight:400;}.kt-svg-icon-list-items51_e2b108-5d ul.kt-svg-icon-list .kt-svg-icon-list-level-0 .kt-svg-icon-list-single svg{font-size:20px;}.wp-block-kadence-iconlist.kt-svg-icon-list-items51_e2b108-5d .wp-block-kadence-listitem a{text-decoration:underline;}.wp-block-kadence-iconlist.kt-svg-icon-list-items51_e2b108-5d ul.kt-svg-icon-list .wp-block-kadence-listitem a{color:var(--global-palette3, #1A202C);}.wp-block-kadence-iconlist.kt-svg-icon-list-items51_e2b108-5d ul.kt-svg-icon-list .wp-block-kadence-listitem a:hover{color:var(--global-palette3, #1A202C);}<\/style>\n<div class=\"wp-block-kadence-iconlist kt-svg-icon-list-items kt-svg-icon-list-items51_e2b108-5d kt-svg-icon-list-columns-1 alignnone\"><ul class=\"kt-svg-icon-list\"><style>.kt-svg-icon-list-item-51_3ef2fd-af .kt-svg-icon-list-text mark.kt-highlight{background-color:unset;font-style:normal;color:#f76a0c;-webkit-box-decoration-break:clone;box-decoration-break:clone;padding-top:0px;padding-right:0px;padding-bottom:0px;padding-left:0px;}<\/style>\n<li class=\"wp-block-kadence-listitem kt-svg-icon-list-item-wrap kt-svg-icon-list-item-51_3ef2fd-af\"><span class=\"kb-svg-icon-wrap kb-svg-icon-fas_circle kt-svg-icon-list-single\"><svg viewBox=\"0 0 512 512\"  fill=\"currentColor\" xmlns=\"http:\/\/www.w3.org\/2000\/svg\"  aria-hidden=\"true\"><path d=\"M256 8C119 8 8 119 8 256s111 248 248 248 248-111 248-248S393 8 256 8z\"\/><\/svg><\/span><span class=\"kt-svg-icon-list-text\"><a href=\"\/nieuws\/social-enterprise-monitor-2019-groei-en-benvloeding-van-anderen\/\" data-type=\"link\" data-id=\"https:\/\/social-enterprise.nl\/social-enterprise-monitor-2019-groei-en-benvloeding-van-anderen\/\">In het verslag van de jaarlijkse Social Enterprise Monitor<\/a> <\/span><\/li>\n\n\n<style>.kt-svg-icon-list-item-51_e12e00-61 .kt-svg-icon-list-text mark.kt-highlight{background-color:unset;font-style:normal;color:#f76a0c;-webkit-box-decoration-break:clone;box-decoration-break:clone;padding-top:0px;padding-right:0px;padding-bottom:0px;padding-left:0px;}<\/style>\n<li class=\"wp-block-kadence-listitem kt-svg-icon-list-item-wrap kt-svg-icon-list-item-51_e12e00-61\"><a href=\"https:\/\/www.mckinsey.com\/industries\/social-sector\/our-insights\/scaling-the-impact-of-the-social-enterprise-sector\" class=\"kt-svg-icon-link\" target=\"_blank\" rel=\"noopener noreferrer\"><span class=\"kb-svg-icon-wrap kb-svg-icon-fas_circle kt-svg-icon-list-single\"><svg viewBox=\"0 0 512 512\"  fill=\"currentColor\" xmlns=\"http:\/\/www.w3.org\/2000\/svg\"  aria-hidden=\"true\"><path d=\"M256 8C119 8 8 119 8 256s111 248 248 248 248-111 248-248S393 8 256 8z\"\/><\/svg><\/span><span class=\"kt-svg-icon-list-text\">In het rapport van onderzoeksbureau McKinsey (2016) <\/span><\/a><\/li>\n\n\n<style>.kt-svg-icon-list-item-51_cce2a9-75 .kt-svg-icon-list-text mark.kt-highlight{background-color:unset;font-style:normal;color:#f76a0c;-webkit-box-decoration-break:clone;box-decoration-break:clone;padding-top:0px;padding-right:0px;padding-bottom:0px;padding-left:0px;}<\/style>\n<li class=\"wp-block-kadence-listitem kt-svg-icon-list-item-wrap kt-svg-icon-list-item-51_cce2a9-75\"><a href=\"https:\/\/www.pwc.nl\/nl\/actueel-publicaties\/assets\/pdfs\/pwc-bouwen-van-een-ecosysteem-voor-sociaal-ondernemerschap.pdf\" class=\"kt-svg-icon-link\" target=\"_blank\" rel=\"noopener noreferrer\"><span class=\"kb-svg-icon-wrap kb-svg-icon-fas_circle kt-svg-icon-list-single\"><svg viewBox=\"0 0 512 512\"  fill=\"currentColor\" xmlns=\"http:\/\/www.w3.org\/2000\/svg\"  aria-hidden=\"true\"><path d=\"M256 8C119 8 8 119 8 256s111 248 248 248 248-111 248-248S393 8 256 8z\"\/><\/svg><\/span><span class=\"kt-svg-icon-list-text\">In het rapport van PwC uit 2018<\/span><\/a><\/li>\n<\/ul><\/div>\n<\/div><\/div>\n\n<\/div><\/div>","protected":false},"excerpt":{"rendered":"<p>De geschiedenis van sociaal ondernemen De term \u2018sociaal ondernemerschap\u2019 stamt uit 1953. Toen verwees het woord nog niet naar ondernemers die in de eerste plaats een maatschappelijke missie nastreefden. Zulke sociale ondernemingen w\u00e1ren er ook niet of nauwelijks. Zij zouden pas vanaf de jaren 90 flink opkomen en uitgroeien tot een grote internationale beweging. Gewone&#8230;<\/p>","protected":false},"author":1,"featured_media":0,"parent":49,"menu_order":0,"comment_status":"closed","ping_status":"closed","template":"","meta":{"_acf_changed":false,"_kad_blocks_custom_css":"","_kad_blocks_head_custom_js":"","_kad_blocks_body_custom_js":"","_kad_blocks_footer_custom_js":"","_kad_post_transparent":"","_kad_post_title":"","_kad_post_layout":"","_kad_post_sidebar_id":"","_kad_post_content_style":"","_kad_post_vertical_padding":"","_kad_post_feature":"","_kad_post_feature_position":"","_kad_post_header":false,"_kad_post_footer":false,"_kad_post_classname":"","footnotes":""},"class_list":["post-51","page","type-page","status-publish","hentry"],"acf":[],"taxonomy_info":[],"featured_image_src_large":false,"author_info":{"display_name":"wijzijnmeo","author_link":"https:\/\/social-enterprise.nl\/en\/author\/25a89330ad4e43a2\/"},"comment_info":0,"_links":{"self":[{"href":"https:\/\/social-enterprise.nl\/en\/wp-json\/wp\/v2\/pages\/51","targetHints":{"allow":["GET"]}}],"collection":[{"href":"https:\/\/social-enterprise.nl\/en\/wp-json\/wp\/v2\/pages"}],"about":[{"href":"https:\/\/social-enterprise.nl\/en\/wp-json\/wp\/v2\/types\/page"}],"author":[{"embeddable":true,"href":"https:\/\/social-enterprise.nl\/en\/wp-json\/wp\/v2\/users\/1"}],"replies":[{"embeddable":true,"href":"https:\/\/social-enterprise.nl\/en\/wp-json\/wp\/v2\/comments?post=51"}],"version-history":[{"count":5,"href":"https:\/\/social-enterprise.nl\/en\/wp-json\/wp\/v2\/pages\/51\/revisions"}],"predecessor-version":[{"id":15033,"href":"https:\/\/social-enterprise.nl\/en\/wp-json\/wp\/v2\/pages\/51\/revisions\/15033"}],"up":[{"embeddable":true,"href":"https:\/\/social-enterprise.nl\/en\/wp-json\/wp\/v2\/pages\/49"}],"wp:attachment":[{"href":"https:\/\/social-enterprise.nl\/en\/wp-json\/wp\/v2\/media?parent=51"}],"curies":[{"name":"wp","href":"https:\/\/api.w.org\/{rel}","templated":true}]}}